{"id":35,"date":"2014-04-26T16:26:14","date_gmt":"2014-04-26T13:26:14","guid":{"rendered":"http:\/\/www.riittakeurulainen.fi\/?page_id=35"},"modified":"2016-04-23T20:25:44","modified_gmt":"2016-04-23T17:25:44","slug":"yhteystiedot","status":"publish","type":"page","link":"http:\/\/www.riittakeurulainen.fi\/?page_id=35","title":{"rendered":"Yhteystiedot"},"content":{"rendered":"<h1>Yhteystiedot &#8211; Ota yhteytt\u00e4<\/h1>\n<p>riitta.keurulainen (at) saunalahti.fi<\/p>\n<p><!-- the body tag is required or the CAPTCHA may not show on some browsers --><br \/>\n<!-- your HTML content --><\/p>\n<p>&nbsp;<\/p>\n<p>&nbsp;<\/p>\n<form action=\"email_script.php\" method=\"post\" name=\"htmlform\">\n<table width=\"450px\">\n<tbody>\n<tr>\n<td valign=\"top\"><label for=\"nimi\">Nimi *<\/label><\/td>\n<td valign=\"top\"><input maxlength=\"50\" name=\"nimi\" size=\"30\" type=\"text\" \/><\/td>\n<\/tr>\n<tr>\n<td valign=\"top\"><label for=\"email\">S\u00e4hk\u00f6postiosoite *<\/label><\/td>\n<td valign=\"top\"><input maxlength=\"80\" name=\"email\" size=\"30\" type=\"text\" \/><\/td>\n<\/tr>\n<tr>\n<td valign=\"top\"><label for=\"comments\">Viesti *<\/label><\/td>\n<td valign=\"top\"><textarea cols=\"25\" maxlength=\"1000\" name=\"viesti\" rows=\"6\"><\/textarea><\/td>\n<\/tr>\n<tr>\n<td style=\"text-align: center;\" colspan=\"2\"><input type=\"submit\" value=\"L\u00e4het\u00e4\" \/><\/td>\n<\/tr>\n<\/tbody>\n<\/table>\n<\/form>\n<p>&nbsp;<\/p>\n","protected":false},"excerpt":{"rendered":"<p>Yhteystiedot &#8211; Ota yhteytt\u00e4 riitta.keurulainen (at) saunalahti.fi &nbsp; &nbsp; Nimi * S\u00e4hk\u00f6postiosoite * Viesti * &nbsp;<\/p>\n","protected":false},"author":1,"featured_media":0,"parent":0,"menu_order":0,"comment_status":"open","ping_status":"open","template":"","meta":{"ngg_post_thumbnail":0},"_links":{"self":[{"href":"http:\/\/www.riittakeurulainen.fi\/index.php?rest_route=\/wp\/v2\/pages\/35"}],"collection":[{"href":"http:\/\/www.riittakeurulainen.fi\/index.php?rest_route=\/wp\/v2\/pages"}],"about":[{"href":"http:\/\/www.riittakeurulainen.fi\/index.php?rest_route=\/wp\/v2\/types\/page"}],"author":[{"embeddable":true,"href":"http:\/\/www.riittakeurulainen.fi\/index.php?rest_route=\/wp\/v2\/users\/1"}],"replies":[{"embeddable":true,"href":"http:\/\/www.riittakeurulainen.fi\/index.php?rest_route=%2Fwp%2Fv2%2Fcomments&post=35"}],"version-history":[{"count":14,"href":"http:\/\/www.riittakeurulainen.fi\/index.php?rest_route=\/wp\/v2\/pages\/35\/revisions"}],"predecessor-version":[{"id":743,"href":"http:\/\/www.riittakeurulainen.fi\/index.php?rest_route=\/wp\/v2\/pages\/35\/revisions\/743"}],"wp:attachment":[{"href":"http:\/\/www.riittakeurulainen.fi\/index.php?rest_route=%2Fwp%2Fv2%2Fmedia&parent=35"}],"curies":[{"name":"wp","href":"https:\/\/api.w.org\/{rel}","templated":true}]}}